{"id":5436,"date":"2022-04-06T16:14:33","date_gmt":"2022-04-06T21:14:33","guid":{"rendered":"http:\/\/plasticgs.com\/?page_id=5436"},"modified":"2022-04-06T16:56:07","modified_gmt":"2022-04-06T21:56:07","slug":"blog-2","status":"publish","type":"page","link":"https:\/\/plasticgs.com\/index.php\/blog-2\/","title":{"rendered":"BLOG"},"content":{"rendered":"\n<div class=\"wp-block-media-text alignwide is-stacked-on-mobile\"><figure class=\"wp-block-media-text__media\"><img loading=\"lazy\" width=\"720\" height=\"405\" src=\"https:\/\/plasticgs.com\/wp-content\/uploads\/2022\/04\/productos-desechables-2.jpg\" alt=\"\" class=\"wp-image-5379 size-full\" srcset=\"https:\/\/plasticgs.com\/wp-content\/uploads\/2022\/04\/productos-desechables-2.jpg 720w, https:\/\/plasticgs.com\/wp-content\/uploads\/2022\/04\/productos-desechables-2-350x197.jpg 350w, https:\/\/plasticgs.com\/wp-content\/uploads\/2022\/04\/productos-desechables-2-300x169.jpg 300w, https:\/\/plasticgs.com\/wp-content\/uploads\/2022\/04\/productos-desechables-2-1x1.jpg 1w, https:\/\/plasticgs.com\/wp-content\/uploads\/2022\/04\/productos-desechables-2-10x6.jpg 10w\" sizes=\"(max-width: 720px) 100vw, 720px\" \/><\/figure><div class=\"wp-block-media-text__content\">\n<p class=\"has-text-align-center has-large-font-size\"><strong><em>NUESTRA MISI\u00d3N<\/em><\/strong><\/p>\n\n\n\n<p class=\"has-text-align-center\">Ser parte de las micro empresas l\u00edderes en comercializaci\u00f3n de art\u00edculos pl\u00e1sticos, realizando entregas al por mayor y menor a sus clientes, a su vez, satisfacer las necesidades de todos sus clientes, partiendo de principios y manteniendo altos est\u00e1ndares de calidad.<\/p>\n<\/div><\/div>\n\n\n\n<div class=\"wp-block-media-text alignwide has-media-on-the-right is-stacked-on-mobile\"><figure class=\"wp-block-media-text__media\"><img loading=\"lazy\" width=\"755\" height=\"788\" src=\"https:\/\/plasticgs.com\/wp-content\/uploads\/2022\/04\/una-familia-sin-productos-de-plastico.jpg\" alt=\"\" class=\"wp-image-5399 size-full\" srcset=\"https:\/\/plasticgs.com\/wp-content\/uploads\/2022\/04\/una-familia-sin-productos-de-plastico.jpg 755w, https:\/\/plasticgs.com\/wp-content\/uploads\/2022\/04\/una-familia-sin-productos-de-plastico-350x365.jpg 350w, https:\/\/plasticgs.com\/wp-content\/uploads\/2022\/04\/una-familia-sin-productos-de-plastico-287x300.jpg 287w\" sizes=\"(max-width: 706px) 89vw, (max-width: 767px) 82vw, 740px\" \/><\/figure><div class=\"wp-block-media-text__content\">\n<p class=\"has-text-align-center has-large-font-size\"><strong><em>NUESTRA VISI\u00d3N<\/em><\/strong><\/p>\n\n\n\n<p class=\"has-text-align-center\">Plastic G y S, se proyecta como una micro empresa l\u00edder a nivel nacional en la comercializaci\u00f3n de art\u00edculos desechables. Nuestra meta es lograr satisfacer a todos nuestros clientes, y mejorar continuamente en todos los aspectos, ofreciendo precios c\u00f3modos, productos de calidad y buen servicio.<\/p>\n<\/div><\/div>\n","protected":false},"excerpt":{"rendered":"<p>NUESTRA MISI\u00d3N Ser parte de las micro empresas l\u00edderes en comercializaci\u00f3n de art\u00edculos pl\u00e1sticos, realizando entregas al por mayor y menor a sus clientes, a su vez, satisfacer las necesidades de todos sus clientes, partiendo de principios y manteniendo altos est\u00e1ndares de calidad. NUESTRA VISI\u00d3N Plastic G y S, se proyecta como una micro empresa<\/p>\n","protected":false},"author":2,"featured_media":0,"parent":0,"menu_order":0,"comment_status":"closed","ping_status":"closed","template":"","meta":[],"_links":{"self":[{"href":"https:\/\/plasticgs.com\/index.php\/wp-json\/wp\/v2\/pages\/5436"}],"collection":[{"href":"https:\/\/plasticgs.com\/index.php\/wp-json\/wp\/v2\/pages"}],"about":[{"href":"https:\/\/plasticgs.com\/index.php\/wp-json\/wp\/v2\/types\/page"}],"author":[{"embeddable":true,"href":"https:\/\/plasticgs.com\/index.php\/wp-json\/wp\/v2\/users\/2"}],"replies":[{"embeddable":true,"href":"https:\/\/plasticgs.com\/index.php\/wp-json\/wp\/v2\/comments?post=5436"}],"version-history":[{"count":5,"href":"https:\/\/plasticgs.com\/index.php\/wp-json\/wp\/v2\/pages\/5436\/revisions"}],"predecessor-version":[{"id":5464,"href":"https:\/\/plasticgs.com\/index.php\/wp-json\/wp\/v2\/pages\/5436\/revisions\/5464"}],"wp:attachment":[{"href":"https:\/\/plasticgs.com\/index.php\/wp-json\/wp\/v2\/media?parent=5436"}],"curies":[{"name":"wp","href":"https:\/\/api.w.org\/{rel}","templated":true}]}}